{"id":969,"date":"2022-02-23T00:03:55","date_gmt":"2022-02-22T21:03:55","guid":{"rendered":"https:\/\/naturalisgroup.com\/web\/?page_id=969"},"modified":"2022-05-27T18:32:38","modified_gmt":"2022-05-27T15:32:38","slug":"geri-bildirim","status":"publish","type":"page","link":"https:\/\/www.naturalisgroup.com\/en\/geri-bildirim\/","title":{"rendered":"Geri Bildirim"},"content":{"rendered":"<p>[vc_row][vc_column][vc_row_inner][vc_column_inner][vc_separator][vc_empty_space height=&#8221;50px&#8221;][\/vc_column_inner][\/vc_row_inner][\/vc_column][\/vc_row][vc_row][vc_column][vc_row_inner][vc_column_inner width=&#8221;1\/5&#8243;][\/vc_column_inner][vc_column_inner width=&#8221;1\/5&#8243;][\/vc_column_inner][vc_column_inner width=&#8221;1\/5&#8243;][vc_custom_heading text=&#8221;Create Feedback&#8221; font_container=&#8221;tag:h4|font_size:16px|text_align:center|color:%23606060&#8243; google_fonts=&#8221;font_family:Open%20Sans%3A300%2C300italic%2Cregular%2Citalic%2C600%2C600italic%2C700%2C700italic%2C800%2C800italic|font_style:400%20regular%3A400%3Anormal&#8221;][\/vc_column_inner][vc_column_inner width=&#8221;1\/5&#8243;][\/vc_column_inner][vc_column_inner width=&#8221;1\/5&#8243;][\/vc_column_inner][\/vc_row_inner][vc_row_inner][vc_column_inner][vc_separator][\/vc_column_inner][\/vc_row_inner][vc_row_inner][vc_column_inner width=&#8221;1\/6&#8243;][\/vc_column_inner][vc_column_inner width=&#8221;2\/3&#8243;][vc_single_image image=&#8221;971&#8243; img_size=&#8221;full&#8221; alignment=&#8221;center&#8221; style=&#8221;vc_box_rounded&#8221; onclick=&#8221;link_image&#8221; css_animation=&#8221;fadeIn&#8221;][vc_column_text]<strong>Feednack<\/strong><\/p>\n<p>We listen to you and produce result-oriented solutions. Create a feedback and we&#8217;ll contact you on the same day[\/vc_column_text]<div role=\"form\" class=\"wpcf7\" id=\"wpcf7-f968-o1\" lang=\"en-US\" dir=\"ltr\">\n<div class=\"screen-reader-response\"><p role=\"status\" aria-live=\"polite\" aria-atomic=\"true\"><\/p> <ul><\/ul><\/div>\n<form action=\"\/en\/wp-json\/wp\/v2\/pages\/969#wpcf7-f968-o1\" method=\"post\" class=\"wpcf7-form init\" novalidate=\"novalidate\" data-status=\"init\">\n<div style=\"display: none;\">\n<input type=\"hidden\" name=\"_wpcf7\" value=\"968\" \/>\n<input type=\"hidden\" name=\"_wpcf7_version\" value=\"5.5.5\" \/>\n<input type=\"hidden\" name=\"_wpcf7_locale\" value=\"en_US\" \/>\n<input type=\"hidden\" name=\"_wpcf7_unit_tag\" value=\"wpcf7-f968-o1\" \/>\n<input type=\"hidden\" name=\"_wpcf7_container_post\" value=\"0\" \/>\n<input type=\"hidden\" name=\"_wpcf7_posted_data_hash\" value=\"\" \/>\n<\/div>\n<div class=\"row\">\n<div class=\"col-md-6\">\n<p><span class=\"wpcf7-form-control-wrap your-name\"><input type=\"text\" name=\"your-name\" value=\"\" size=\"40\" class=\"wpcf7-form-control wpcf7-text wpcf7-validates-as-required\" aria-required=\"true\" aria-invalid=\"false\" placeholder=\"Ad Soyad *\" \/><\/span><\/p>\n<\/div>\n<div class=\"col-md-6\">\n<p><span class=\"wpcf7-form-control-wrap ContactPhone\"><input type=\"tel\" name=\"ContactPhone\" value=\"\" size=\"40\" class=\"wpcf7-form-control wpcf7-text wpcf7-tel wpcf7-validates-as-required wpcf7-validates-as-tel\" aria-required=\"true\" aria-invalid=\"false\" placeholder=\"\u0130leti\u015fim Numaran\u0131z *\" \/><\/span><\/p>\n<\/div>\n<div class=\"col-md-12\">\n<p><span class=\"wpcf7-form-control-wrap Subject\"><select name=\"Subject\" class=\"wpcf7-form-control wpcf7-select wpcf7-validates-as-required\" aria-required=\"true\" aria-invalid=\"false\"><option value=\"Konu Se\u00e7in\">Konu Se\u00e7in<\/option><option value=\"\u00dcr\u00fcn Bildirimi\">\u00dcr\u00fcn Bildirimi<\/option><option value=\"\u0130ade Bildirimi\">\u0130ade Bildirimi<\/option><option value=\"\u0130ptal Bildirimi\">\u0130ptal Bildirimi<\/option><option value=\"Sipari\u015f Durum\">Sipari\u015f Durum<\/option><\/select><\/span><\/p>\n<\/div>\n<div class=\"col-md-12\">\n<p><span class=\"wpcf7-form-control-wrap Info\"><textarea name=\"Info\" cols=\"40\" rows=\"10\" class=\"wpcf7-form-control wpcf7-textarea\" aria-invalid=\"false\" placeholder=\"Mesaj\u0131n\u0131z\u0131 buraya yaz\u0131n...\"><\/textarea><\/span><\/p>\n<\/div>\n<div class=\"col-md-12\">\n<div class=\"mgt-button-wrapper mgt-button-round-edges-full text-left\"><input type=\"submit\" value=\"\u015e\u0130MD\u0130 G\u00d6NDER\" class=\"wpcf7-form-control has-spinner wpcf7-submit mgt-button btn\" \/><\/div>\n<\/div>\n<\/div>\n<div class=\"wpcf7-response-output\" aria-hidden=\"true\"><\/div><\/form><\/div>[\/vc_column_inner][vc_column_inner width=&#8221;1\/6&#8243;][\/vc_column_inner][\/vc_row_inner][vc_empty_space height=&#8221;350px&#8221;][\/vc_column][\/vc_row]<\/p>\n","protected":false},"excerpt":{"rendered":"<p>[vc_row][vc_column][vc_row_inner][vc_column_inner][vc_separator][vc_empty_space height=&#8221;50px&#8221;][\/vc_column_inner][\/vc_row_inner][\/vc_column][\/vc_row][vc_row][vc_column][vc_row_inner][vc_column_inner width=&#8221;1\/5&#8243;][\/vc_column_inner][vc_column_inner width=&#8221;1\/5&#8243;][\/vc_column_inner][vc_column_inner width=&#8221;1\/5&#8243;][vc_custom_heading text=&#8221;Create Feedback&#8221; font_container=&#8221;tag:h4|font_size:16px|text_align:center|color:%23606060&#8243; google_fonts=&#8221;font_family:Open%20Sans%3A300%2C300italic%2Cregular%2Citalic%2C600%2C600italic%2C700%2C700italic%2C800%2C800italic|font_style:400%20regular%3A400%3Anormal&#8221;][\/vc_column_inner][vc_column_inner width=&#8221;1\/5&#8243;][\/vc_column_inner][vc_column_inner width=&#8221;1\/5&#8243;][\/vc_column_inner][\/vc_row_inner][vc_row_inner][vc_column_inner][vc_separator][\/vc_column_inner][\/vc_row_inner][vc_row_inner][vc_column_inner width=&#8221;1\/6&#8243;][\/vc_column_inner][vc_column_inner width=&#8221;2\/3&#8243;][vc_single_image image=&#8221;971&#8243; img_size=&#8221;full&#8221; alignment=&#8221;center&#8221; style=&#8221;vc_box_rounded&#8221; onclick=&#8221;link_image&#8221; css_animation=&#8221;fadeIn&#8221;][vc_column_text]Feednack We listen to you and produce result-oriented solutions. Create a feedback&#8230;<\/p>\n","protected":false},"author":1,"featured_media":0,"parent":0,"menu_order":0,"comment_status":"closed","ping_status":"closed","template":"","meta":[],"_links":{"self":[{"href":"https:\/\/www.naturalisgroup.com\/en\/wp-json\/wp\/v2\/pages\/969"}],"collection":[{"href":"https:\/\/www.naturalisgroup.com\/en\/wp-json\/wp\/v2\/pages"}],"about":[{"href":"https:\/\/www.naturalisgroup.com\/en\/wp-json\/wp\/v2\/types\/page"}],"author":[{"embeddable":true,"href":"https:\/\/www.naturalisgroup.com\/en\/wp-json\/wp\/v2\/users\/1"}],"replies":[{"embeddable":true,"href":"https:\/\/www.naturalisgroup.com\/en\/wp-json\/wp\/v2\/comments?post=969"}],"version-history":[{"count":4,"href":"https:\/\/www.naturalisgroup.com\/en\/wp-json\/wp\/v2\/pages\/969\/revisions"}],"predecessor-version":[{"id":1932,"href":"https:\/\/www.naturalisgroup.com\/en\/wp-json\/wp\/v2\/pages\/969\/revisions\/1932"}],"wp:attachment":[{"href":"https:\/\/www.naturalisgroup.com\/en\/wp-json\/wp\/v2\/media?parent=969"}],"curies":[{"name":"wp","href":"https:\/\/api.w.org\/{rel}","templated":true}]}}