{"id":851,"date":"2022-02-22T00:29:42","date_gmt":"2022-02-21T21:29:42","guid":{"rendered":"https:\/\/naturalisgroup.com\/web\/?page_id=851"},"modified":"2022-05-27T17:46:24","modified_gmt":"2022-05-27T14:46:24","slug":"yasam-tarzi","status":"publish","type":"page","link":"https:\/\/www.naturalisgroup.com\/en\/yasam-tarzi\/","title":{"rendered":"Ya\u015fam Tarz\u0131"},"content":{"rendered":"<p>[vc_row][vc_column][vc_row_inner][vc_column_inner][vc_separator][vc_empty_space height=&#8221;50px&#8221;][\/vc_column_inner][\/vc_row_inner][\/vc_column][\/vc_row][vc_row][vc_column][vc_row_inner][vc_column_inner width=&#8221;1\/5&#8243;][\/vc_column_inner][vc_column_inner width=&#8221;1\/5&#8243;][\/vc_column_inner][vc_column_inner width=&#8221;1\/5&#8243;][vc_custom_heading text=&#8221;Lifestyle &#8221; font_container=&#8221;tag:h4|font_size:16px|text_align:center|color:%23606060&#8243; google_fonts=&#8221;font_family:Open%20Sans%3A300%2C300italic%2Cregular%2Citalic%2C600%2C600italic%2C700%2C700italic%2C800%2C800italic|font_style:400%20regular%3A400%3Anormal&#8221;][\/vc_column_inner][vc_column_inner width=&#8221;1\/5&#8243;][\/vc_column_inner][vc_column_inner width=&#8221;1\/5&#8243;][\/vc_column_inner][\/vc_row_inner][vc_row_inner][vc_column_inner][vc_separator][\/vc_column_inner][\/vc_row_inner][vc_row_inner gap=&#8221;5&#8243;][vc_column_inner css=&#8221;.vc_custom_1645479686762{background-color: #f7f7f7 !important;border-radius: 5px !important;}&#8221;][vc_single_image image=&#8221;805&#8243; img_size=&#8221;full&#8221; alignment=&#8221;center&#8221; style=&#8221;vc_box_rounded&#8221; onclick=&#8221;link_image&#8221; css_animation=&#8221;fadeIn&#8221; css=&#8221;.vc_custom_1650522163566{margin-right: -15px !important;margin-left: -15px !important;}&#8221;][vc_column_text css_animation=&#8221;bounceIn&#8221; el_id=&#8221;full&#8221;]<\/p>\n<h2 style=\"text-align: center;\">Naturalis Lifestyle is a program that encompasses spiritual and physical wealth that allows you to live your ideal lifestyle and provides access to rewards. Earn every time you expand your team. Grow Your Team<br \/>\nThen just watch your earnings add up! When you are ready, enjoy your new fantastic Lifestyle.<\/h2>\n<p>[\/vc_column_text][\/vc_column_inner][\/vc_row_inner][vc_empty_space height=&#8221;50px&#8221;]<div class=\"mgt-button-wrapper mgt-button-wrapper-align-center mgt-button-wrapper-display-newline mgt-button-top-margin-true mgt-button-right-margin-false mgt-button-round-edges-small  wpb_animate_when_almost_visible wpb_fadeIn fadeIn\"><a class=\"btn hvr-grow mgt-button-icon- mgt-button mgt-style-solid-invert mgt-size-normal mgt-align-center mgt-display-newline mgt-text-size-normal mgt-button-icon-separator- mgt-button-icon-position-left text-font-weight-default mgt-text-transform-none\" href=\"\/kayit-ol\">#discover | JOIN US NOW<\/a><\/div>[vc_empty_space height=&#8221;100px&#8221;][vc_separator][vc_empty_space height=&#8221;150px&#8221;][vc_column_text]<\/p>\n<h1 class=\"mb-1\" style=\"text-align: center;\">You can benefit from all these privileges with Naturalis.<br \/>\nKEEP YOUR DREAMS HIGH, LIVE THE EXCITEMENT ON THE TOP!<\/h1>\n<p>[\/vc_column_text][vc_single_image image=&#8221;1428&#8243; img_size=&#8221;1100&#215;450&#8243; alignment=&#8221;center&#8221; style=&#8221;vc_box_rounded&#8221; onclick=&#8221;link_image&#8221; css_animation=&#8221;fadeIn&#8221; css=&#8221;.vc_custom_1650638990145{margin-right: -15px !important;margin-left: -15px !important;}&#8221;][vc_column_text]<\/p>\n<h2 style=\"text-align: center;\">For every penny you invest in Naturalis products, we invest in incredible vacation opportunities for you. We enable you to participate in personal development, international and domestic holidays free of charge.<\/h2>\n<p>[\/vc_column_text][vc_empty_space height=&#8221;80px&#8221;][vc_single_image image=&#8221;1472&#8243; img_size=&#8221;full&#8221; alignment=&#8221;center&#8221; style=&#8221;vc_box_rounded&#8221; onclick=&#8221;link_image&#8221; css_animation=&#8221;fadeIn&#8221; css=&#8221;.vc_custom_1650210033006{margin-right: -15px !important;margin-left: -15px !important;}&#8221;][\/vc_column][\/vc_row][vc_row][vc_column][vc_video link=&#8221;https:\/\/www.youtube.com\/watch?v=1XvFeZ2IMes&#8221; el_width=&#8221;80&#8243; align=&#8221;center&#8221; title=&#8221;Senin Ya\u015fam\u0131n Senin Tarz\u0131n !&#8221;][\/vc_column][\/vc_row]<\/p>\n","protected":false},"excerpt":{"rendered":"<p>[vc_row][vc_column][vc_row_inner][vc_column_inner][vc_separator][vc_empty_space height=&#8221;50px&#8221;][\/vc_column_inner][\/vc_row_inner][\/vc_column][\/vc_row][vc_row][vc_column][vc_row_inner][vc_column_inner width=&#8221;1\/5&#8243;][\/vc_column_inner][vc_column_inner width=&#8221;1\/5&#8243;][\/vc_column_inner][vc_column_inner width=&#8221;1\/5&#8243;][vc_custom_heading text=&#8221;Lifestyle &#8221; font_container=&#8221;tag:h4|font_size:16px|text_align:center|color:%23606060&#8243; google_fonts=&#8221;font_family:Open%20Sans%3A300%2C300italic%2Cregular%2Citalic%2C600%2C600italic%2C700%2C700italic%2C800%2C800italic|font_style:400%20regular%3A400%3Anormal&#8221;][\/vc_column_inner][vc_column_inner width=&#8221;1\/5&#8243;][\/vc_column_inner][vc_column_inner width=&#8221;1\/5&#8243;][\/vc_column_inner][\/vc_row_inner][vc_row_inner][vc_column_inner][vc_separator][\/vc_column_inner][\/vc_row_inner][vc_row_inner gap=&#8221;5&#8243;][vc_column_inner css=&#8221;.vc_custom_1645479686762{background-color: #f7f7f7 !important;border-radius: 5px !important;}&#8221;][vc_single_image image=&#8221;805&#8243; img_size=&#8221;full&#8221; alignment=&#8221;center&#8221; style=&#8221;vc_box_rounded&#8221; onclick=&#8221;link_image&#8221; css_animation=&#8221;fadeIn&#8221; css=&#8221;.vc_custom_1650522163566{margin-right: -15px !important;margin-left: -15px !important;}&#8221;][vc_column_text css_animation=&#8221;bounceIn&#8221; el_id=&#8221;full&#8221;]&#8230;<\/p>\n","protected":false},"author":1,"featured_media":0,"parent":0,"menu_order":0,"comment_status":"closed","ping_status":"closed","template":"","meta":[],"_links":{"self":[{"href":"https:\/\/www.naturalisgroup.com\/en\/wp-json\/wp\/v2\/pages\/851"}],"collection":[{"href":"https:\/\/www.naturalisgroup.com\/en\/wp-json\/wp\/v2\/pages"}],"about":[{"href":"https:\/\/www.naturalisgroup.com\/en\/wp-json\/wp\/v2\/types\/page"}],"author":[{"embeddable":true,"href":"https:\/\/www.naturalisgroup.com\/en\/wp-json\/wp\/v2\/users\/1"}],"replies":[{"embeddable":true,"href":"https:\/\/www.naturalisgroup.com\/en\/wp-json\/wp\/v2\/comments?post=851"}],"version-history":[{"count":40,"href":"https:\/\/www.naturalisgroup.com\/en\/wp-json\/wp\/v2\/pages\/851\/revisions"}],"predecessor-version":[{"id":1923,"href":"https:\/\/www.naturalisgroup.com\/en\/wp-json\/wp\/v2\/pages\/851\/revisions\/1923"}],"wp:attachment":[{"href":"https:\/\/www.naturalisgroup.com\/en\/wp-json\/wp\/v2\/media?parent=851"}],"curies":[{"name":"wp","href":"https:\/\/api.w.org\/{rel}","templated":true}]}}