{"id":803,"date":"2022-02-21T22:35:35","date_gmt":"2022-02-21T19:35:35","guid":{"rendered":"https:\/\/naturalisgroup.com\/web\/?page_id=803"},"modified":"2022-05-27T17:27:35","modified_gmt":"2022-05-27T14:27:35","slug":"is-firsati","status":"publish","type":"page","link":"https:\/\/www.naturalisgroup.com\/en\/is-firsati\/","title":{"rendered":"\u0130\u015f F\u0131rsat\u0131"},"content":{"rendered":"<p>[vc_row][vc_column][vc_row_inner][vc_column_inner][vc_separator][vc_empty_space height=&#8221;50px&#8221;][\/vc_column_inner][\/vc_row_inner][\/vc_column][\/vc_row][vc_row][vc_column][vc_row_inner][vc_column_inner width=&#8221;1\/5&#8243;][\/vc_column_inner][vc_column_inner width=&#8221;1\/5&#8243;][\/vc_column_inner][vc_column_inner width=&#8221;1\/5&#8243;][vc_custom_heading text=&#8221;Job Opportunity  | Naturalis&#8221; font_container=&#8221;tag:h4|font_size:16px|text_align:center|color:%23606060&#8243; google_fonts=&#8221;font_family:Open%20Sans%3A300%2C300italic%2Cregular%2Citalic%2C600%2C600italic%2C700%2C700italic%2C800%2C800italic|font_style:400%20regular%3A400%3Anormal&#8221;][\/vc_column_inner][vc_column_inner width=&#8221;1\/5&#8243;][\/vc_column_inner][vc_column_inner width=&#8221;1\/5&#8243;][\/vc_column_inner][\/vc_row_inner][vc_row_inner][vc_column_inner][vc_separator][\/vc_column_inner][\/vc_row_inner][vc_row_inner][vc_column_inner width=&#8221;1\/6&#8243;][\/vc_column_inner][vc_column_inner width=&#8221;2\/3&#8243;][vc_single_image image=&#8221;1617&#8243; img_size=&#8221;full&#8221; alignment=&#8221;center&#8221; style=&#8221;vc_box_rounded&#8221; onclick=&#8221;link_image&#8221; css_animation=&#8221;fadeIn&#8221;][vc_column_text]<\/p>\n<h3 style=\"text-align: center;\">There is nothing you cannot achieve with a strong team. Multiply your potential for more earnings by developing your team.<\/h3>\n<p>[\/vc_column_text][\/vc_column_inner][\/vc_row_inner][vc_separator][vc_row_inner][vc_column_inner width=&#8221;1\/2&#8243;][vc_column_text css=&#8221;.vc_custom_1653661652664{margin-top: 0px !important;}&#8221;]<\/p>\n<h1 style=\"text-align: left;\">Be sure to consider<br \/>\nthese when<br \/>\nconsidering<br \/>\na financial opportunityin<br \/>\ntheNetwork Marketing industry!<\/h1>\n<p>[\/vc_column_text][\/vc_column_inner][vc_column_inner width=&#8221;1\/2&#8243;][vc_column_text]<\/p>\n<ul class=\"pt-4 customlist\">\n<li>\n<h4>The organizational structure of the company,<\/h4>\n<\/li>\n<li>\n<h4>Operation of the Company,<\/h4>\n<\/li>\n<li>\n<h4>Compliance of the company with working, social and commercial ethical rules,<\/h4>\n<\/li>\n<li>\n<h4>Work and work discipline,<\/h4>\n<\/li>\n<li>\n<h4>Whether the industry complies with the conditions of the age,<\/h4>\n<\/li>\n<li>\n<h4>Institutionalization level, company history, operating period, company vision and partnership structures<\/h4>\n<\/li>\n<\/ul>\n<p>[\/vc_column_text][\/vc_column_inner][\/vc_row_inner][vc_row_inner][vc_column_inner][vc_separator][\/vc_column_inner][\/vc_row_inner][\/vc_column][\/vc_row][vc_row full_width=&#8221;stretch_row&#8221; gap=&#8221;1&#8243; content_placement=&#8221;top&#8221; css=&#8221;.vc_custom_1645472899435{padding-bottom: 50px !important;}&#8221;][vc_column][vc_single_image image=&#8221;1623&#8243; img_size=&#8221;full&#8221; alignment=&#8221;center&#8221; css=&#8221;.vc_custom_1650898453796{border-radius: 10px !important;}&#8221;][vc_row_inner css=&#8221;.vc_custom_1645473043555{margin-top: -20px !important;}&#8221; el_class=&#8221;vc_hidden-xs&#8221;][\/vc_row_inner][\/vc_column][\/vc_row][vc_row css=&#8221;.vc_custom_1645475084038{margin-top: -50px !important;}&#8221; el_class=&#8221;vc_hidden-xs&#8221;][vc_column width=&#8221;1\/3&#8243; offset=&#8221;vc_hidden-sm vc_hidden-xs&#8221;]<div class=\"mgt-button-wrapper mgt-button-wrapper-align-center mgt-button-wrapper-display-newline mgt-button-top-margin-true mgt-button-right-margin-false mgt-button-round-edges-small  wpb_animate_when_almost_visible wpb_fadeIn fadeIn\"><a class=\"btn hvr-grow mgt-button-icon- mgt-button mgt-style-solid-invert mgt-size-normal mgt-align-center mgt-display-newline mgt-text-size-normal mgt-button-icon-separator- mgt-button-icon-position-left text-font-weight-default mgt-text-transform-none\" href=\"\/kayit-ol\/\">#discover | JOIN US NOW<\/a><\/div>[vc_row_inner css=&#8221;.vc_custom_1645473143261{margin-top: -20px !important;}&#8221; el_class=&#8221;vc_hidden-xs&#8221;][\/vc_row_inner][\/vc_column][vc_column width=&#8221;1\/3&#8243;]<div class=\"mgt-button-wrapper mgt-button-wrapper-align-center mgt-button-wrapper-display-newline mgt-button-top-margin-true mgt-button-right-margin-false mgt-button-round-edges-small  wpb_animate_when_almost_visible wpb_fadeIn fadeIn\"><a class=\"btn hvr-grow mgt-button-icon- mgt-button mgt-style-solid-invert mgt-size-normal mgt-align-center mgt-display-newline mgt-text-size-normal mgt-button-icon-separator- mgt-button-icon-position-left text-font-weight-default mgt-text-transform-none\" href=\"https:\/\/naturalisgroup.com\/urunler\/\">#Discover OUR PRODUCTS<\/a><\/div>[\/vc_column][vc_column width=&#8221;1\/3&#8243;]<div class=\"mgt-button-wrapper mgt-button-wrapper-align-center mgt-button-wrapper-display-newline mgt-button-top-margin-true mgt-button-right-margin-false mgt-button-round-edges-small  wpb_animate_when_almost_visible wpb_fadeIn fadeIn\"><a class=\"btn hvr-grow mgt-button-icon- mgt-button mgt-style-solid-invert mgt-size-normal mgt-align-center mgt-display-newline mgt-text-size-normal mgt-button-icon-separator- mgt-button-icon-position-left text-font-weight-default mgt-text-transform-none\" href=\"https:\/\/naturalisgroup.com\/e-katalog\/\">#discover | OUR CATALOG<\/a><\/div>[\/vc_column][\/vc_row][vc_row][vc_column width=&#8221;1\/4&#8243;][\/vc_column][vc_column width=&#8221;1\/2&#8243;][vc_column_text]<\/p>\n<h2 style=\"text-align: center;\">BRAND STRATEGY<\/h2>\n<p>[\/vc_column_text][vc_separator][\/vc_column][vc_column width=&#8221;1\/4&#8243;][\/vc_column][\/vc_row][vc_row][vc_column width=&#8221;1\/4&#8243;][\/vc_column][vc_column width=&#8221;1\/2&#8243;][vc_column_text]<\/p>\n<p style=\"text-align: center;\">You can maximize your business by following and capitalizing on key trends. As a Naturalis Entrepreneur, we are trying to make endless contributions to our entrepreneurs with a product portfolio that is increasing day by day through the representation and sale of our Naturalis brand, by making you competitive and profitable in a constantly changing market.<\/p>\n<p>[\/vc_column_text][\/vc_column][vc_column width=&#8221;1\/4&#8243;][\/vc_column][\/vc_row][vc_row][vc_column][vc_single_image image=&#8221;1459&#8243; img_size=&#8221;full&#8221; alignment=&#8221;center&#8221; css=&#8221;.vc_custom_1650208448321{border-radius: 10px !important;}&#8221;][vc_separator][\/vc_column][\/vc_row][vc_row][vc_column width=&#8221;1\/4&#8243;][\/vc_column][vc_column width=&#8221;1\/2&#8243;][vc_column_text]<\/p>\n<h2 style=\"text-align: center;\">ENDLESS FINANCIAL OPPORTUNITY<\/h2>\n<p>[\/vc_column_text][vc_separator][\/vc_column][vc_column width=&#8221;1\/4&#8243;][\/vc_column][\/vc_row][vc_row][vc_column width=&#8221;1\/4&#8243;][\/vc_column][vc_column width=&#8221;1\/2&#8243;][vc_column_text]We believe that in order to fully utilize your potential, you must first have sufficient finances. We work with the principle of &#8220;If you succeed, we succeed.&#8221;, and we offer you all the necessary support endlessly.<\/p>\n<p style=\"text-align: center;\">We support you in all areas so that you can free not only your financial situation, but also your full potential.<\/p>\n<p>[\/vc_column_text][\/vc_column][vc_column width=&#8221;1\/4&#8243;][\/vc_column][\/vc_row][vc_row][vc_column][vc_single_image image=&#8221;1532&#8243; img_size=&#8221;full&#8221; alignment=&#8221;center&#8221; css=&#8221;.vc_custom_1650537397547{border-radius: 10px !important;}&#8221;][vc_separator][\/vc_column][\/vc_row][vc_row][vc_column width=&#8221;1\/4&#8243;][\/vc_column][vc_column width=&#8221;1\/2&#8243;][vc_column_text]<\/p>\n<h2 style=\"text-align: center;\">LEGAL PROTECTION<\/h2>\n<p>[\/vc_column_text][vc_separator][\/vc_column][vc_column width=&#8221;1\/4&#8243;][\/vc_column][\/vc_row][vc_row][vc_column width=&#8221;1\/4&#8243;][\/vc_column][vc_column width=&#8221;1\/2&#8243;][vc_column_text]<\/p>\n<p style=\"text-align: center;\">As Naturalis, we act together with our Entrepreneurs and protect the rights of all our Entrepreneurs in writing.<\/p>\n<p style=\"text-align: center;\">The Naturalis Bill of Rights is a contractual agreement that guarantees your best interests.<\/p>\n<p style=\"text-align: center;\">More than words- is written\u2026<\/p>\n<p>[\/vc_column_text][\/vc_column][vc_column width=&#8221;1\/4&#8243;][\/vc_column][\/vc_row][vc_row][vc_column][vc_single_image image=&#8221;1462&#8243; img_size=&#8221;full&#8221; alignment=&#8221;center&#8221; css=&#8221;.vc_custom_1650208736734{margin-right: 10px !important;margin-left: 10px !important;padding-top: 20px !important;padding-bottom: 20px !important;border-radius: 10px !important;}&#8221; el_class=&#8221;image-radius&#8221;][vc_separator][\/vc_column][\/vc_row][vc_row][vc_column width=&#8221;1\/4&#8243;][\/vc_column][vc_column width=&#8221;1\/2&#8243;][vc_column_text]<\/p>\n<h2 style=\"text-align: center;\">RESPONSIBLE MANAGEMENT<\/h2>\n<p>[\/vc_column_text][vc_separator][\/vc_column][vc_column width=&#8221;1\/4&#8243;][\/vc_column][\/vc_row][vc_row][vc_column width=&#8221;1\/4&#8243;][\/vc_column][vc_column width=&#8221;1\/2&#8243;][vc_column_text]<\/p>\n<p style=\"text-align: center;\">As Naturalis Management, we know what we need to create a permanent and thriving business. We are working hard to maintain not only what we have achieved, but also the continuation of our success.<\/p>\n<p>[\/vc_column_text][\/vc_column][vc_column width=&#8221;1\/4&#8243;][\/vc_column][\/vc_row][vc_row][vc_column][vc_single_image image=&#8221;1463&#8243; img_size=&#8221;full&#8221; alignment=&#8221;center&#8221; css=&#8221;.vc_custom_1650208994801{margin-right: 10px !important;margin-left: 10px !important;padding-top: 20px !important;padding-bottom: 20px !important;border-radius: 10px !important;}&#8221; el_class=&#8221;image-radius&#8221;][vc_separator][\/vc_column][\/vc_row][vc_row][vc_column width=&#8221;1\/4&#8243;][\/vc_column][vc_column width=&#8221;1\/2&#8243;][vc_column_text]<\/p>\n<h1 style=\"text-align: center;\">YOU CAN DO IT<br \/>\nBECAUSE YOU ARE IN THE RIGHT PLACE<\/h1>\n<p>[\/vc_column_text][vc_column_text]<\/p>\n<p style=\"text-align: center;\">Accomplish hard work and enjoy being rewarded accordingly.<\/p>\n<p style=\"text-align: center;\">Lead your business with integrity.<\/p>\n<p style=\"text-align: center;\">Encourage the success of others and appreciate the same in return.<\/p>\n<p style=\"text-align: center;\">Believe that recognition should be based on hard work, not on nepotism.<\/p>\n<p style=\"text-align: center;\">Choose a long-term, stable business opportunity over instant gratification.<\/p>\n<p style=\"text-align: center;\">Let go of your prejudices.<\/p>\n<p style=\"text-align: center;\">Make an effort to develop the brand you represent.<\/p>\n<p style=\"text-align: center;\">Demand fair and equal rights for all.<\/p>\n<p>[\/vc_column_text][vc_separator]<div class=\"mgt-button-wrapper mgt-button-wrapper-align-center mgt-button-wrapper-display-newline mgt-button-top-margin-true mgt-button-right-margin-false mgt-button-round-edges-small  wpb_animate_when_almost_visible wpb_fadeIn fadeIn\"><a class=\"btn hvr-grow mgt-button-icon- mgt-button mgt-style-solid-invert mgt-size-normal mgt-align-center mgt-display-newline mgt-text-size-normal mgt-button-icon-separator- mgt-button-icon-position-left text-font-weight-default mgt-text-transform-none\" href=\"\/kayit-ol\">#discover | JOIN US NOW<\/a><\/div>[\/vc_column][vc_column width=&#8221;1\/4&#8243;][\/vc_column][\/vc_row][vc_row][vc_column][vc_single_image image=&#8221;1465&#8243; img_size=&#8221;full&#8221; alignment=&#8221;center&#8221; css=&#8221;.vc_custom_1650209093302{margin-right: 10px !important;margin-left: 10px !important;padding-top: 20px !important;padding-bottom: 20px !important;border-radius: 10px !important;}&#8221; el_class=&#8221;image-radius&#8221;][vc_separator][\/vc_column][\/vc_row]<\/p>\n","protected":false},"excerpt":{"rendered":"<p>[vc_row][vc_column][vc_row_inner][vc_column_inner][vc_separator][vc_empty_space height=&#8221;50px&#8221;][\/vc_column_inner][\/vc_row_inner][\/vc_column][\/vc_row][vc_row][vc_column][vc_row_inner][vc_column_inner width=&#8221;1\/5&#8243;][\/vc_column_inner][vc_column_inner width=&#8221;1\/5&#8243;][\/vc_column_inner][vc_column_inner width=&#8221;1\/5&#8243;][vc_custom_heading text=&#8221;Job Opportunity | Naturalis&#8221; font_container=&#8221;tag:h4|font_size:16px|text_align:center|color:%23606060&#8243; google_fonts=&#8221;font_family:Open%20Sans%3A300%2C300italic%2Cregular%2Citalic%2C600%2C600italic%2C700%2C700italic%2C800%2C800italic|font_style:400%20regular%3A400%3Anormal&#8221;][\/vc_column_inner][vc_column_inner width=&#8221;1\/5&#8243;][\/vc_column_inner][vc_column_inner width=&#8221;1\/5&#8243;][\/vc_column_inner][\/vc_row_inner][vc_row_inner][vc_column_inner][vc_separator][\/vc_column_inner][\/vc_row_inner][vc_row_inner][vc_column_inner width=&#8221;1\/6&#8243;][\/vc_column_inner][vc_column_inner width=&#8221;2\/3&#8243;][vc_single_image image=&#8221;1617&#8243; img_size=&#8221;full&#8221; alignment=&#8221;center&#8221; style=&#8221;vc_box_rounded&#8221; onclick=&#8221;link_image&#8221; css_animation=&#8221;fadeIn&#8221;][vc_column_text] There is nothing you cannot achieve with a strong&#8230;<\/p>\n","protected":false},"author":1,"featured_media":0,"parent":0,"menu_order":0,"comment_status":"closed","ping_status":"closed","template":"","meta":[],"_links":{"self":[{"href":"https:\/\/www.naturalisgroup.com\/en\/wp-json\/wp\/v2\/pages\/803"}],"collection":[{"href":"https:\/\/www.naturalisgroup.com\/en\/wp-json\/wp\/v2\/pages"}],"about":[{"href":"https:\/\/www.naturalisgroup.com\/en\/wp-json\/wp\/v2\/types\/page"}],"author":[{"embeddable":true,"href":"https:\/\/www.naturalisgroup.com\/en\/wp-json\/wp\/v2\/users\/1"}],"replies":[{"embeddable":true,"href":"https:\/\/www.naturalisgroup.com\/en\/wp-json\/wp\/v2\/comments?post=803"}],"version-history":[{"count":64,"href":"https:\/\/www.naturalisgroup.com\/en\/wp-json\/wp\/v2\/pages\/803\/revisions"}],"predecessor-version":[{"id":1921,"href":"https:\/\/www.naturalisgroup.com\/en\/wp-json\/wp\/v2\/pages\/803\/revisions\/1921"}],"wp:attachment":[{"href":"https:\/\/www.naturalisgroup.com\/en\/wp-json\/wp\/v2\/media?parent=803"}],"curies":[{"name":"wp","href":"https:\/\/api.w.org\/{rel}","templated":true}]}}